{"id":7,"date":"2015-01-28T12:11:38","date_gmt":"2015-01-28T12:11:38","guid":{"rendered":"http:\/\/balcsitabor.hu\/wp\/?page_id=7"},"modified":"2023-07-12T14:58:20","modified_gmt":"2023-07-12T14:58:20","slug":"tabor","status":"publish","type":"page","link":"http:\/\/balcsitabor.hu\/?page_id=7","title":{"rendered":"T\u00e1bor"},"content":{"rendered":"<div id=\"black_bg\">\n<div id=\"wrap\">\n<div id=\"content\">\n<div class=\"contact_content_left\">\n<h3 class=\"style14\"><span style=\"color: #000000;\">A t\u00e1bor<\/span><\/h3>\n<p align=\"justify\"><span style=\"color: #000000;\">Az <strong>\u201e\u00daTON\u201d Balatoni T\u00e1bor<\/strong> K\u00e1ptalanf\u00fcred <strong>legszebb<\/strong> r\u00e9sz\u00e9n, a <strong>K\u00f6csi-t\u00f3<\/strong> szomsz\u00e9ds\u00e1g\u00e1ban tal\u00e1lhat\u00f3.<\/span><\/p>\n<p align=\"justify\"><span style=\"color: #000000;\"><strong>A T\u00e1bor<\/strong> kedvez\u0151 \u00e1rakkal k\u00edn\u00e1l alternat\u00edv\u00e1t konferenci\u00e1k, <strong>c\u00e9ges rendezv\u00e9nyek, tov\u00e1bbk\u00e9pz\u00e9sek, iskolai csoportok, oszt\u00e1lykir\u00e1ndul\u00e1sok, bar\u00e1ti t\u00e1rsas\u00e1gok, csal\u00e1dok, sport- \u00e9s edz\u0151t\u00e1borok fogad\u00e1s\u00e1ra egyar\u00e1nt.<\/strong><\/span><\/p>\n<p align=\"justify\"><span style=\"color: #000000;\">A vend\u00e9gek k\u00e9nyelm\u00e9t szolg\u00e1lja a <strong><em>j\u00f3l felszerelt teakonyha<\/em><\/strong>, illetve az <strong>eb\u00e9dl\u0151 &#8211; \u00e9s k\u00f6z\u00f6ss\u00e9gi t\u00e9r<\/strong> (TV, csocs\u00f3), ami k\u00fcl\u00f6nb\u00f6z\u0151 csoportos foglalkoz\u00e1sokra, nagyobb \u00f6sszej\u00f6vetelekre, edz\u0151t\u00e1borokra, j\u00e1t\u00e9kokra, zen\u00e9s &#8211; t\u00e1ncos sz\u00f3rakoz\u00e1sra szint\u00e9n alkalmas.<\/span><\/p>\n<p align=\"justify\"><span style=\"color: #000000;\">A t\u00e1borban van <strong>kialak\u00edtott t\u0171zrak\u00f3 hely<\/strong>, \u00edgy a t\u00e1borlak\u00f3k grillezhetnek, szalonn\u00e1t s\u00fcthetnek vagy bogr\u00e1csozhatnak.<\/span><\/p>\n<p align=\"justify\"><span style=\"color: #000000;\">79 f\u00e9r\u0151helyen 3 &#8211; 4 &#8211; 8 \u00e1gyas, \u00f6sszkomfort n\u00e9lk\u00fcli szob\u00e1k biztos\u00edtj\u00e1k a nyugodt pihen\u00e9st. A t\u00e1bori fah\u00e1zak mellett k\u00f6z\u00f6s, nemenk\u00e9nt elk\u00fcl\u00f6n\u00edtett vizesblokk \u00e1ll a t\u00e1boroz\u00f3k rendelkez\u00e9s\u00e9re.<\/span><\/p>\n<p align=\"justify\"><span style=\"color: #000000;\">A t\u00e1bort\u00f3l <strong>mind\u00f6ssze 5-10 perces s\u00e9t\u00e1ra van a k\u00e9t strand<\/strong>, ahol t\u00f6bbek k\u00f6z\u00f6tt lehet cs\u00f3nak\u00e1zni, v\u00edzibiciklizni, illetve lehet\u0151s\u00e9g van sz\u00f6rf\u00f6t b\u00e9relni. Valamint 10 perces vonat\u00fatra van a Balatonalm\u00e1di Wessel\u00e9nyi strand, ahol tengerpartra eml\u00e9keztet\u0151 k\u00fcl\u00f6n kialak\u00edtott \u00f6bl\u00f6s r\u00e9sz v\u00e1rja a vend\u00e9geket.<\/span><\/p>\n<p align=\"justify\"><span style=\"color: #000000;\">A k\u00f6zelben buszmeg\u00e1ll\u00f3 \u00e9s k\u00e9t <strong>\u00e9lelmiszerbolt is tal\u00e1lhat\u00f3 <\/strong>.<\/span><\/p>\n<p align=\"justify\"><span style=\"color: #000000;\"><strong>Szolg\u00e1ltat\u00e1saink<\/strong> sz\u00e9les palett\u00e1ja\u00a0lehet\u0151v\u00e9 teszi a teljes kikapcsol\u00f3d\u00e1st \u00e9s sz\u00f3rakoz\u00e1st mindenki sz\u00e1m\u00e1ra.<\/span><\/p>\n<div align=\"justify\">\n<p><span style=\"color: #000000;\">Sportol\u00e1si lehet\u0151s\u00e9gk\u00e9nt trambulint, strandfocit \u00e9s r\u00f6plabdap\u00e1ly\u00e1t, pingpongasztalt \u00e9s k\u00fcl\u00f6nb\u00f6z\u0151 sporteszk\u00f6z\u00f6ket biztos\u00edtunk vend\u00e9geink sz\u00e1m\u00e1ra.<\/span><\/p>\n<\/div>\n<\/div>\n<\/div>\n<\/div>\n<\/div>\n<p><span style=\"color: #000000;\">\u00a0<\/span><\/p>\n","protected":false},"excerpt":{"rendered":"<p>A t\u00e1bor Az \u201e\u00daTON\u201d Balatoni T\u00e1bor K\u00e1ptalanf\u00fcred legszebb r\u00e9sz\u00e9n, a K\u00f6csi-t\u00f3 szomsz\u00e9ds\u00e1g\u00e1ban tal\u00e1lhat\u00f3. A T\u00e1bor kedvez\u0151 \u00e1rakkal k\u00edn\u00e1l alternat\u00edv\u00e1t konferenci\u00e1k, c\u00e9ges rendezv\u00e9nyek, tov\u00e1bbk\u00e9pz\u00e9sek, iskolai csoportok, oszt\u00e1lykir\u00e1ndul\u00e1sok, bar\u00e1ti t\u00e1rsas\u00e1gok, csal\u00e1dok, sport- \u00e9s edz\u0151t\u00e1borok fogad\u00e1s\u00e1ra egyar\u00e1nt. A vend\u00e9gek k\u00e9nyelm\u00e9t szolg\u00e1lja a j\u00f3l felszerelt teakonyha, illetve az eb\u00e9dl\u0151 &#8211; \u00e9s k\u00f6z\u00f6ss\u00e9gi t\u00e9r (TV, csocs\u00f3), ami k\u00fcl\u00f6nb\u00f6z\u0151 csoportos foglalkoz\u00e1sokra, [&hellip;]<\/p>\n","protected":false},"author":1,"featured_media":0,"parent":0,"menu_order":0,"comment_status":"closed","ping_status":"closed","template":"","meta":[],"_links":{"self":[{"href":"http:\/\/balcsitabor.hu\/index.php?rest_route=\/wp\/v2\/pages\/7"}],"collection":[{"href":"http:\/\/balcsitabor.hu\/index.php?rest_route=\/wp\/v2\/pages"}],"about":[{"href":"http:\/\/balcsitabor.hu\/index.php?rest_route=\/wp\/v2\/types\/page"}],"author":[{"embeddable":true,"href":"http:\/\/balcsitabor.hu\/index.php?rest_route=\/wp\/v2\/users\/1"}],"replies":[{"embeddable":true,"href":"http:\/\/balcsitabor.hu\/index.php?rest_route=%2Fwp%2Fv2%2Fcomments&post=7"}],"version-history":[{"count":5,"href":"http:\/\/balcsitabor.hu\/index.php?rest_route=\/wp\/v2\/pages\/7\/revisions"}],"predecessor-version":[{"id":130,"href":"http:\/\/balcsitabor.hu\/index.php?rest_route=\/wp\/v2\/pages\/7\/revisions\/130"}],"wp:attachment":[{"href":"http:\/\/balcsitabor.hu\/index.php?rest_route=%2Fwp%2Fv2%2Fmedia&parent=7"}],"curies":[{"name":"wp","href":"https:\/\/api.w.org\/{rel}","templated":true}]}}